{"id":5598,"date":"2024-05-13T12:53:57","date_gmt":"2024-05-13T12:53:57","guid":{"rendered":"http:\/\/shoppingsale.in\/musclefuel\/?post_type=product&#038;p=5598"},"modified":"2024-05-13T13:06:00","modified_gmt":"2024-05-13T13:06:00","slug":"insane-labz-insane-iso","status":"publish","type":"product","link":"http:\/\/shoppingsale.in\/musclefuel\/product\/insane-labz-insane-iso\/","title":{"rendered":"Insane Labz Insane ISO"},"content":{"rendered":"<ul class=\"a-unordered-list a-vertical a-spacing-mini\">\n<li class=\"a-spacing-mini\"><span class=\"a-list-item\">Construir masa muscular magra<\/span><\/li>\n<li class=\"a-spacing-mini\"><span class=\"a-list-item\">Tiempo de recuperaci\u00f3n m\u00e1s r\u00e1pido<\/span><\/li>\n<li class=\"a-spacing-mini\"><span class=\"a-list-item\">Amigable con Macro. Insane ISO es el paquete total. Con 0.06 oz de carbohidratos, 110 calor\u00edas y menos de 0.04 oz de az\u00facar por porci\u00f3n, Insane Whey ISO es la opci\u00f3n ideal para cualquier persona que cuente macros o en un plan de dieta baja en carbohidratos.<\/span><\/li>\n<\/ul>\n","protected":false},"excerpt":{"rendered":"<h1 id=\"title\" class=\"a-size-large a-spacing-none\"><span id=\"productTitle\" class=\"a-size-large product-title-word-break\">Insane Labz Insane ISO &#8211; Prote\u00edna de suero en polvo con 0.88 onzas de aislado de suero hidrolizado, 60 porciones<\/span><\/h1>\n","protected":false},"featured_media":5601,"comment_status":"open","ping_status":"closed","template":"","meta":{"inline_featured_image":false},"product_cat":[137],"product_tag":[],"class_list":["post-5598","product","type-product","status-publish","has-post-thumbnail","hentry","product_cat-protein","product_brand-insane-labz"],"_links":{"self":[{"href":"http:\/\/shoppingsale.in\/musclefuel\/wp-json\/wp\/v2\/product\/5598","targetHints":{"allow":["GET"]}}],"collection":[{"href":"http:\/\/shoppingsale.in\/musclefuel\/wp-json\/wp\/v2\/product"}],"about":[{"href":"http:\/\/shoppingsale.in\/musclefuel\/wp-json\/wp\/v2\/types\/product"}],"replies":[{"embeddable":true,"href":"http:\/\/shoppingsale.in\/musclefuel\/wp-json\/wp\/v2\/comments?post=5598"}],"wp:featuredmedia":[{"embeddable":true,"href":"http:\/\/shoppingsale.in\/musclefuel\/wp-json\/wp\/v2\/media\/5601"}],"wp:attachment":[{"href":"http:\/\/shoppingsale.in\/musclefuel\/wp-json\/wp\/v2\/media?parent=5598"}],"wp:term":[{"taxonomy":"product_cat","embeddable":true,"href":"http:\/\/shoppingsale.in\/musclefuel\/wp-json\/wp\/v2\/product_cat?post=5598"},{"taxonomy":"product_tag","embeddable":true,"href":"http:\/\/shoppingsale.in\/musclefuel\/wp-json\/wp\/v2\/product_tag?post=5598"}],"curies":[{"name":"wp","href":"https:\/\/api.w.org\/{rel}","templated":true}]}}