{"id":5592,"date":"2024-05-13T12:34:47","date_gmt":"2024-05-13T12:34:47","guid":{"rendered":"http:\/\/shoppingsale.in\/musclefuel\/?post_type=product&#038;p=5592"},"modified":"2024-05-13T12:34:47","modified_gmt":"2024-05-13T12:34:47","slug":"insane-labz-insane-whey","status":"publish","type":"product","link":"http:\/\/shoppingsale.in\/musclefuel\/product\/insane-labz-insane-whey\/","title":{"rendered":"Insane Labz Insane Whey"},"content":{"rendered":"<div id=\"featurebullets_feature_div\" class=\"celwidget\" data-feature-name=\"featurebullets\" data-csa-c-type=\"widget\" data-csa-c-content-id=\"featurebullets\" data-csa-c-slot-id=\"featurebullets_feature_div\" data-csa-c-asin=\"B07TVL35J8\" data-csa-c-is-in-initial-active-row=\"false\" data-csa-c-id=\"bht2o7-f8q1c9-yg8ati-lhg3qq\" data-cel-widget=\"featurebullets_feature_div\">\n<div id=\"feature-bullets\" class=\"a-section a-spacing-medium a-spacing-top-small\">\n<ul class=\"a-unordered-list a-vertical a-spacing-mini\">\n<li class=\"a-spacing-mini\"><span class=\"a-list-item\">Ganancias musculares magras. Prote\u00edna de Suero. Grandes sabores. Insane Labz Insane Whey promueve las ganancias musculares magras con una dosis completa de 0.88 oz de prote\u00edna despu\u00e9s de que tu entrenamiento haya terminado. Con un perfil amino BCAA natural, Insane Whey tambi\u00e9n aumentar\u00e1 su tiempo de recuperaci\u00f3n.<\/span><\/li>\n<li class=\"a-spacing-mini\"><span class=\"a-list-item\">Sin garant\u00eda. Insane Whey tiene la mejor capacidad de mezcla de cualquier prote\u00edna en el mercado por un amplio margen. Si eso no es suficiente, Insane Whey viene en cinco sabores incre\u00edbles: pastel de cumplea\u00f1os, chocolate, galletas y crema, fresas y crema y vainilla.<\/span><\/li>\n<li class=\"a-spacing-mini\"><span class=\"a-list-item\">Libre de sustancias prohibidas. Insane Whey est\u00e1 aprobado por la WADA, por lo que si eres un atleta universitario o profesional, puedes consumir este producto de forma segura.<\/span><\/li>\n<li class=\"a-spacing-mini\"><span class=\"a-list-item\">5 carbohidratos, 0.04 oz de az\u00facar<\/span><\/li>\n<\/ul>\n<\/div>\n<\/div>\n<div id=\"provenanceCertifications_feature_div\" class=\"celwidget\" data-feature-name=\"provenanceCertifications\" data-csa-c-type=\"widget\" data-csa-c-content-id=\"provenanceCertifications\" data-csa-c-slot-id=\"provenanceCertifications_feature_div\" data-csa-c-asin=\"B07TVL35J8\" data-csa-c-is-in-initial-active-row=\"false\" data-csa-c-id=\"kpsaqw-9k6y2e-1hk27a-yrgfqs\" data-cel-widget=\"provenanceCertifications_feature_div\">\n<div id=\"provenance-certifications\" class=\"a-section a-spacing-medium a-spacing-top-micro\"><\/div>\n<\/div>\n","protected":false},"excerpt":{"rendered":"<h1 id=\"title\" class=\"a-size-large a-spacing-none\"><span id=\"productTitle\" class=\"a-size-large product-title-word-break\">Insane Labz Insane Whey, 100% prote\u00edna de suero de leche para construir m\u00fasculos, despu\u00e9s del entrenamiento, perfil de amino BCAA, ganador de masa, reemplazo de comida, 5 libras, 60 Srvgs, (chocolate)<\/span><\/h1>\n","protected":false},"featured_media":5597,"comment_status":"open","ping_status":"closed","template":"","meta":{"inline_featured_image":false},"product_cat":[137],"product_tag":[],"class_list":["post-5592","product","type-product","status-publish","has-post-thumbnail","hentry","product_cat-protein","product_brand-insane-labz"],"_links":{"self":[{"href":"http:\/\/shoppingsale.in\/musclefuel\/wp-json\/wp\/v2\/product\/5592","targetHints":{"allow":["GET"]}}],"collection":[{"href":"http:\/\/shoppingsale.in\/musclefuel\/wp-json\/wp\/v2\/product"}],"about":[{"href":"http:\/\/shoppingsale.in\/musclefuel\/wp-json\/wp\/v2\/types\/product"}],"replies":[{"embeddable":true,"href":"http:\/\/shoppingsale.in\/musclefuel\/wp-json\/wp\/v2\/comments?post=5592"}],"wp:featuredmedia":[{"embeddable":true,"href":"http:\/\/shoppingsale.in\/musclefuel\/wp-json\/wp\/v2\/media\/5597"}],"wp:attachment":[{"href":"http:\/\/shoppingsale.in\/musclefuel\/wp-json\/wp\/v2\/media?parent=5592"}],"wp:term":[{"taxonomy":"product_cat","embeddable":true,"href":"http:\/\/shoppingsale.in\/musclefuel\/wp-json\/wp\/v2\/product_cat?post=5592"},{"taxonomy":"product_tag","embeddable":true,"href":"http:\/\/shoppingsale.in\/musclefuel\/wp-json\/wp\/v2\/product_tag?post=5592"}],"curies":[{"name":"wp","href":"https:\/\/api.w.org\/{rel}","templated":true}]}}