{"id":5491,"date":"2024-03-22T06:43:42","date_gmt":"2024-03-22T06:43:42","guid":{"rendered":"http:\/\/shoppingsale.in\/musclefuel\/?post_type=product&#038;p=5491"},"modified":"2024-03-27T13:15:34","modified_gmt":"2024-03-27T13:15:34","slug":"musclemeds-multivitaminico-completo-diario-de-vitamina-t-para-hombres-mejora-la-testosterona-muscular-el-rendimiento-sexual-20-vitaminas-minerales-fenogreco-tribulus-longjack-marron-90-unidades","status":"publish","type":"product","link":"http:\/\/shoppingsale.in\/musclefuel\/product\/musclemeds-multivitaminico-completo-diario-de-vitamina-t-para-hombres-mejora-la-testosterona-muscular-el-rendimiento-sexual-20-vitaminas-minerales-fenogreco-tribulus-longjack-marron-90-unidades\/","title":{"rendered":"MuscleMeds Multivitam\u00ednico  vitamina T"},"content":{"rendered":"<h1 id=\"title\" class=\"a-size-large a-spacing-none\"><span id=\"productTitle\" class=\"a-size-large product-title-word-break\">MuscleMeds Multivitam\u00ednico completo diario de vitamina T para hombres mejora la testosterona muscular, el rendimiento sexual, 20 vitaminas minerales, fenogreco tribulus longjack, marr\u00f3n, 90 unidades<\/span><\/h1>\n","protected":false},"excerpt":{"rendered":"<h1 class=\"a-size-base-plus a-text-bold\">Sobre este art\u00edculo<\/h1>\n<ul class=\"a-unordered-list a-vertical a-spacing-mini\">\n<li class=\"a-spacing-mini\"><span class=\"a-list-item\">Multivitaminas de alta potencia para hombres<\/span><\/li>\n<li class=\"a-spacing-mini\"><span class=\"a-list-item\">20 Vitaminas y Minerales<\/span><\/li>\n<li class=\"a-spacing-mini\"><span class=\"a-list-item\">Mejora natural de la testosterona<\/span><\/li>\n<li class=\"a-spacing-mini\"><span class=\"a-list-item\">Potentes antioxidantes<\/span><\/li>\n<li class=\"a-spacing-mini\"><span class=\"a-list-item\">F\u00f3rmula multivitam\u00ednica una vez al d\u00eda<\/span><\/li>\n<li class=\"a-spacing-mini\"><span class=\"a-list-item\">Durante los meses de verano, los productos pueden llegar c\u00e1lidos, pero Amazon almacena y env\u00eda productos de acuerdo con las recomendaciones de los fabricantes, cuando se proporcionan.<\/span><\/li>\n<\/ul>\n","protected":false},"featured_media":5495,"comment_status":"open","ping_status":"closed","template":"","meta":{"inline_featured_image":false},"product_cat":[144],"product_tag":[],"class_list":["post-5491","product","type-product","status-publish","has-post-thumbnail","hentry","product_cat-multivitamin","product_brand-musclemeds"],"_links":{"self":[{"href":"http:\/\/shoppingsale.in\/musclefuel\/wp-json\/wp\/v2\/product\/5491","targetHints":{"allow":["GET"]}}],"collection":[{"href":"http:\/\/shoppingsale.in\/musclefuel\/wp-json\/wp\/v2\/product"}],"about":[{"href":"http:\/\/shoppingsale.in\/musclefuel\/wp-json\/wp\/v2\/types\/product"}],"replies":[{"embeddable":true,"href":"http:\/\/shoppingsale.in\/musclefuel\/wp-json\/wp\/v2\/comments?post=5491"}],"wp:featuredmedia":[{"embeddable":true,"href":"http:\/\/shoppingsale.in\/musclefuel\/wp-json\/wp\/v2\/media\/5495"}],"wp:attachment":[{"href":"http:\/\/shoppingsale.in\/musclefuel\/wp-json\/wp\/v2\/media?parent=5491"}],"wp:term":[{"taxonomy":"product_cat","embeddable":true,"href":"http:\/\/shoppingsale.in\/musclefuel\/wp-json\/wp\/v2\/product_cat?post=5491"},{"taxonomy":"product_tag","embeddable":true,"href":"http:\/\/shoppingsale.in\/musclefuel\/wp-json\/wp\/v2\/product_tag?post=5491"}],"curies":[{"name":"wp","href":"https:\/\/api.w.org\/{rel}","templated":true}]}}